{"id":705,"date":"2014-07-02T16:03:10","date_gmt":"2014-07-02T16:03:10","guid":{"rendered":"http:\/\/dev.republicachueca.com\/?page_id=705"},"modified":"2022-04-23T12:18:07","modified_gmt":"2022-04-23T12:18:07","slug":"poems-poemas","status":"publish","type":"page","link":"https:\/\/republicachueca.com\/?page_id=705","title":{"rendered":"Poems-Poemas"},"content":{"rendered":"<p>&nbsp;<\/p>\n<p style=\"text-align: center;\">I&#8217;m nobody! Who are you?<br \/>\nAre you nobody, too?<br \/>\nThen there&#8217;s a pair of us \u2014 don&#8217;t tell!<br \/>\nThey&#8217;d banish us, you know.<\/p>\n<p style=\"text-align: center;\">How dreary to be somebody!<br \/>\nHow public, like a frog<br \/>\nTo tell your name the livelong day<br \/>\nTo an admiring bog!<\/p>\n<p style=\"text-align: center;\">Emily Dickinson<\/p>\n<p style=\"text-align: center;\"><div class=\"su-divider su-divider-style-default\" style=\"margin:15px 0;border-width:3px;border-color:#999999\"><a href=\"#\" style=\"color:#999999\">Go to top--Subir<\/a><\/div>\n<p style=\"text-align: center;\"><strong>WORDS<\/strong><\/p>\n<p style=\"text-align: center;\">Be careful of words,<br \/>\neven the miraculous ones.<br \/>\nFor the miraculous we do our best,<br \/>\nsometimes they swarm like insects<br \/>\nand leave not a sting but a kiss.<br \/>\nThey can be as good as fingers.<br \/>\nThey can be as trusty as the rock<br \/>\nyou stick your bottom on.<br \/>\nBut they can be both daisies and bruises.<\/p>\n<p style=\"text-align: center;\">Yet I am in love with words.<br \/>\nThey are doves falling out of the ceiling.<br \/>\nThey are six holy oranges sitting in my lap.<br \/>\nThey are the trees, the legs of summer,<br \/>\nand the sun, its passionate face.<\/p>\n<p style=\"text-align: center;\">Yet often they fail me.<br \/>\nI have so much I want to say,<br \/>\nso many stories, images, proverbs, etc.<br \/>\nBut the words aren&#8217;t good enough,<br \/>\nthe wrong ones kiss me.<br \/>\nSometimes I fly like an eagle<br \/>\nbut with the wings of a wren.<\/p>\n<p style=\"text-align: center;\">But I try to take care<br \/>\nand be gentle to them.<br \/>\nWords and eggs must be handled with care.<br \/>\nOnce broken they are impossible<br \/>\nthings to repair.<\/p>\n<p style=\"text-align: center;\">Anne Sexton<\/p>\n<p style=\"text-align: center;\"><div class=\"su-divider su-divider-style-default\" style=\"margin:15px 0;border-width:3px;border-color:#999999\"><a href=\"#\" style=\"color:#999999\">Go to top--Subir<\/a><\/div>\n<p style=\"text-align: center;\"><strong>ROTACI\u00d3N<\/strong><\/p>\n<p style=\"text-align: center;\">De nuevo un a\u00f1o como un cerco<br \/>\ncrecido en el \u00e1rbol<br \/>\nque inerme y<br \/>\nsin sospechar nada rota<br \/>\ncon la Tierra<\/p>\n<p style=\"text-align: center;\">Tampoco las criaturas<br \/>\nse dan cuenta<br \/>\nde que rotan<br \/>\nni de que los a\u00f1os las cercan<br \/>\nfuertes como el soplo vital<br \/>\ncomo el \u00e1rbol<\/p>\n<p style=\"text-align: center;\">Rose Ausl\u00e4nder<br \/>\nTraducci\u00f3n del alem\u00e1n de Teresa Ruiz Rosas y Jos\u00e9 Ruiz Rosas<\/p>\n<p style=\"text-align: center;\">KREISEN<\/p>\n<p style=\"text-align: center;\">Wieder ein Jahr als Ring<br \/>\nin den Baum gewachsen<br \/>\nder stillsteht und<br \/>\nahnungslos kreist<br \/>\nmit der Erde<\/p>\n<p style=\"text-align: center;\">Auch die Gesch\u00f6pfe<br \/>\nmerken nicht da\u00df sie kreisen<br \/>\nund Jahre sie einkreisen<br \/>\natemstark<br \/>\nwie den Baum<\/p>\n<p style=\"text-align: center;\"><div class=\"su-divider su-divider-style-default\" style=\"margin:15px 0;border-width:3px;border-color:#999999\"><a href=\"#\" style=\"color:#999999\">Go to top--Volver<\/a><\/div>\n","protected":false},"excerpt":{"rendered":"<p>&nbsp; I&#8217;m nobody! Who are you? Are you nobody, too? Then there&#8217;s a pair of us \u2014 don&#8217;t tell! They&#8217;d banish us, you know. How dreary to be somebody! How public, like a frog To tell your name the livelong day To an admiring bog! Emily Dickinson WORDS Be careful of words, even the miraculous ones. For the miraculous we do our best, sometimes they swarm like insects and leave not a sting but a kiss. They can be as good as fingers. They can be as trusty as the rock you stick your bottom on. But they can be both daisies and bruises. Yet I am in love with words. They are doves falling out of the ceiling. They are six holy oranges sitting in my lap. They are the trees, the legs of summer, and the sun, its passionate face. Yet often they fail me. I have so much I want to say, so many stories, images, proverbs, etc. But the words aren&#8217;t good enough, the wrong ones kiss me. Sometimes I fly like an eagle but with the wings of a wren. But I try to take care and be gentle to them. Words and eggs must be handled with care. Once broken they are impossible things to repair. Anne Sexton ROTACI\u00d3N De nuevo un a\u00f1o como un cerco crecido en el \u00e1rbol que inerme y sin sospechar nada rota con la Tierra Tampoco las criaturas se dan cuenta de que rotan ni de que los a\u00f1os las cercan fuertes como el soplo vital como el \u00e1rbol Rose Ausl\u00e4nder Traducci\u00f3n del alem\u00e1n de Teresa Ruiz Rosas y Jos\u00e9 Ruiz Rosas KREISEN Wieder ein Jahr als Ring in den Baum gewachsen der stillsteht und ahnungslos kreist mit der Erde Auch die Gesch\u00f6pfe merken nicht da\u00df sie kreisen und Jahre sie einkreisen atemstark wie den Baum<\/p>\n","protected":false},"author":1,"featured_media":0,"parent":0,"menu_order":0,"comment_status":"open","ping_status":"open","template":"","meta":{"footnotes":""},"class_list":["post-705","page","type-page","status-publish","hentry"],"_links":{"self":[{"href":"https:\/\/republicachueca.com\/index.php?rest_route=\/wp\/v2\/pages\/705","targetHints":{"allow":["GET"]}}],"collection":[{"href":"https:\/\/republicachueca.com\/index.php?rest_route=\/wp\/v2\/pages"}],"about":[{"href":"https:\/\/republicachueca.com\/index.php?rest_route=\/wp\/v2\/types\/page"}],"author":[{"embeddable":true,"href":"https:\/\/republicachueca.com\/index.php?rest_route=\/wp\/v2\/users\/1"}],"replies":[{"embeddable":true,"href":"https:\/\/republicachueca.com\/index.php?rest_route=%2Fwp%2Fv2%2Fcomments&post=705"}],"version-history":[{"count":17,"href":"https:\/\/republicachueca.com\/index.php?rest_route=\/wp\/v2\/pages\/705\/revisions"}],"predecessor-version":[{"id":852,"href":"https:\/\/republicachueca.com\/index.php?rest_route=\/wp\/v2\/pages\/705\/revisions\/852"}],"wp:attachment":[{"href":"https:\/\/republicachueca.com\/index.php?rest_route=%2Fwp%2Fv2%2Fmedia&parent=705"}],"curies":[{"name":"wp","href":"https:\/\/api.w.org\/{rel}","templated":true}]}}