{"id":485,"date":"2014-05-31T15:42:40","date_gmt":"2014-05-31T15:42:40","guid":{"rendered":"http:\/\/dev.republicachueca.com\/?page_id=485"},"modified":"2014-05-31T18:10:41","modified_gmt":"2014-05-31T18:10:41","slug":"nat_pruebas-variadas","status":"publish","type":"page","link":"https:\/\/republicachueca.com\/?page_id=485","title":{"rendered":"Nota biogr\u00e1fica"},"content":{"rendered":"<h6 style=\"text-align: justify;\"><b> <\/p>\n<div class=\"shortcode-dropcap circle\" style=\"color:#eaeaea; background-color:#222222;\">J<\/div>\n<p>avier Ord\u00f3\u00f1ez <\/b>ense\u00f1a historia y filosof\u00eda de la ciencia en la Universidad Aut\u00f3noma de Madrid desde el a\u00f1o 1980. Ha sido profesor visitante de varias instituciones como el <i>Instituto Tecnol\u00f3gico de Monterrey<\/i> (M\u00e9xico), la <i>City University of New York<\/i> (USA), y el <i>Max Planck<\/i> <i>Institut for the History of the Science<\/i> en Berl\u00edn (Alemania). Es autor de art\u00edculos de su especialidad publicados en revistas cient\u00edficas inaccesibles cuyo contenido permanece en el mayor de los secretos porque no est\u00e1 probado que nadie los haya le\u00eddo nunca. Tambi\u00e9n ha publicado libros destinados a un p\u00fablico m\u00e1s general, entre los que se pueden mencionar los escritos en colaboraci\u00f3n con Ana Rioja (<i>Teor\u00edas del universo<\/i>, en tres vol\u00famenes), con Victor Navarro y Jos\u00e9 Manuel S\u00e1nchez Ron (<i>Historia de la ciencia<\/i>), con Natalia P\u00e9rez-Gald\u00f3s (<i>La qu\u00edmica y el mundo<\/i>), y como autor \u00fanico (<i>Ciencia, tecnolog\u00eda e historia<\/i>). En la actualidad trabaja en una serie de ensayos sobre las relaciones entre las guerras y el conocimiento cient\u00edfico y tecnol\u00f3gico, y eso le lleva a viajar con frecuencia.<\/h6>\n<p>&nbsp;<\/p>\n","protected":false},"excerpt":{"rendered":"<p>avier Ord\u00f3\u00f1ez ense\u00f1a historia y filosof\u00eda de la ciencia en la Universidad Aut\u00f3noma de Madrid desde el a\u00f1o 1980. Ha sido profesor visitante de varias instituciones como el Instituto Tecnol\u00f3gico de Monterrey (M\u00e9xico), la City University of New York (USA), y el Max Planck Institut for the History of the Science en Berl\u00edn (Alemania). Es autor de art\u00edculos de su especialidad publicados en revistas cient\u00edficas inaccesibles cuyo contenido permanece en el mayor de los secretos porque no est\u00e1 probado que nadie los haya le\u00eddo nunca. Tambi\u00e9n ha publicado libros destinados a un p\u00fablico m\u00e1s general, entre los que se pueden mencionar los escritos en colaboraci\u00f3n con Ana Rioja (Teor\u00edas del universo, en tres vol\u00famenes), con Victor Navarro y Jos\u00e9 Manuel S\u00e1nchez Ron (Historia de la ciencia), con Natalia P\u00e9rez-Gald\u00f3s (La qu\u00edmica y el mundo), y como autor \u00fanico (Ciencia, tecnolog\u00eda e historia). En la actualidad trabaja en una serie de ensayos sobre las relaciones entre las guerras y el conocimiento cient\u00edfico y tecnol\u00f3gico, y eso le lleva a viajar con frecuencia. &nbsp;<\/p>\n","protected":false},"author":1,"featured_media":0,"parent":0,"menu_order":0,"comment_status":"open","ping_status":"open","template":"","meta":{"footnotes":""},"class_list":["post-485","page","type-page","status-publish","hentry"],"_links":{"self":[{"href":"https:\/\/republicachueca.com\/index.php?rest_route=\/wp\/v2\/pages\/485","targetHints":{"allow":["GET"]}}],"collection":[{"href":"https:\/\/republicachueca.com\/index.php?rest_route=\/wp\/v2\/pages"}],"about":[{"href":"https:\/\/republicachueca.com\/index.php?rest_route=\/wp\/v2\/types\/page"}],"author":[{"embeddable":true,"href":"https:\/\/republicachueca.com\/index.php?rest_route=\/wp\/v2\/users\/1"}],"replies":[{"embeddable":true,"href":"https:\/\/republicachueca.com\/index.php?rest_route=%2Fwp%2Fv2%2Fcomments&post=485"}],"version-history":[{"count":9,"href":"https:\/\/republicachueca.com\/index.php?rest_route=\/wp\/v2\/pages\/485\/revisions"}],"predecessor-version":[{"id":526,"href":"https:\/\/republicachueca.com\/index.php?rest_route=\/wp\/v2\/pages\/485\/revisions\/526"}],"wp:attachment":[{"href":"https:\/\/republicachueca.com\/index.php?rest_route=%2Fwp%2Fv2%2Fmedia&parent=485"}],"curies":[{"name":"wp","href":"https:\/\/api.w.org\/{rel}","templated":true}]}}