{"id":358,"date":"2014-01-28T19:16:21","date_gmt":"2014-01-28T19:16:21","guid":{"rendered":"http:\/\/dev.republicachueca.com\/?page_id=358"},"modified":"2014-07-05T17:20:09","modified_gmt":"2014-07-05T17:20:09","slug":"dissertations","status":"publish","type":"page","link":"https:\/\/republicachueca.com\/?page_id=358","title":{"rendered":"Dissertations"},"content":{"rendered":"<p>Ciencia, tecnolog\u00eda y propaganda en el noticiario oficial del Franquismo: El NO-DO, un instrumento de popularizaci\u00f3n de la ciencia al servicio del estado (1943-1964)<br \/>\nFelipe E. Ram\u00edrez Mart\u00ednez<br \/>\nTesis doctoral dirigida por Javier Ord\u00f3\u00f1ez Rodr\u00edguez. Universidad Aut\u00f3noma de Madrid (2011).<\/p>\n<p>Mecanismos en el arte: Avatares in\u00fatiles de la tecnolog\u00eda<br \/>\nM\u00f3nica Benitez<br \/>\nTesis doctoral dirigida por Javier Ord\u00f3\u00f1ez Rodr\u00edguez. Universidad Aut\u00f3noma de Madrid (2010).<\/p>\n<p>Johann Heinrich Lamberts: Cosmologische Briefe. Eine wissenschaftsphilosophische Untersuchung<br \/>\nRoberta Menendez Fontela<br \/>\nTesis doctoral dirigida por Javier Ord\u00f3\u00f1ez Rodr\u00edguez. Universidad Aut\u00f3noma de Madrid (2007).<\/p>\n<p>Naturaleza: cohercion vs consenso: An\u00e1lisis de teolog\u00edas en la ecolog\u00eda contempor\u00e1nea y su correlaci\u00f3n con el discurso y\/o participaci\u00f3n de movimientos ecologistas y grupos armados ilegales en Espa\u00f1a, M\u00e9xico y Colombia: ETA, EZLN y AUC<br \/>\nLuis Felipe G\u00f3mez Lomel\u00ed<br \/>\nTesis doctoral dirigida por Javier Ord\u00f3\u00f1ez Rodr\u00edguez. Universidad Aut\u00f3noma de Madrid (2006).<\/p>\n<p>Sue\u00f1os el\u00e9ctricos y magneticos en la Europa rom\u00e1ntica: El debate sobre la naturaleza duranet las \u00faltimas d\u00e9cadas del siglo XVIII y las primeras del XIX<br \/>\nDolores Mart\u00edn Moruno<br \/>\nTesis doctoral dirigida por Javier Ord\u00f3\u00f1ez Rodr\u00edguez, Jean Dhombres. Universidad Aut\u00f3noma de Madrid (2006).<\/p>\n<p>Forma y funci\u00f3n de un sujeto moderno: Bernandro Houssay y la fisiolog\u00eda argentina (1900-1943)<br \/>\nAlfonso Buch C\u00e1novas<br \/>\nTesis doctoral dirigida por Javier Ord\u00f3\u00f1ez Rodr\u00edguez. Universidad Aut\u00f3noma de Madrid (2001).<\/p>\n<p>El evolucionismo en Espa\u00f1a y la s\u00edntesis neodarwinista (1939-1970)<br \/>\nFrancisco Bl\u00e1zquez Paniagua<br \/>\nTesis doctoral dirigida por Javier Ord\u00f3\u00f1ez Rodr\u00edguez. Universidad Aut\u00f3noma de Madrid (2001).<\/p>\n<p>Boskovic y la visi\u00f3n mec\u00e1nica de la naturaleza (1740-1785)<br \/>\nMariano Colubi L\u00f3pez<br \/>\nTesis doctoral dirigida por Javier Ord\u00f3\u00f1ez Rodr\u00edguez. Universidad Aut\u00f3noma de Madrid (1995).<\/p>\n<p>Las teor\u00edas materialistas de la Ilustraci\u00f3n<br \/>\nJavier Moscoso<br \/>\nTesis doctoral dirigida por Javier Ord\u00f3\u00f1ez Rodr\u00edguez. Universidad Aut\u00f3noma de Madrid (1994).<\/p>\n<p>El nacimiento de la teor\u00eda de conjuntos en Alemania 1854-1908<br \/>\nJos\u00e9 Ferreir\u00f3s Dom\u00ednguez<br \/>\nTesis doctoral dirigida por Javier Ord\u00f3\u00f1ez Rodr\u00edguez. Universidad Aut\u00f3noma de Madrid (1991).<\/p>\n<p>Observaci\u00f3n y teor\u00eda en la astronom\u00eda griega<br \/>\nEulalia P\u00e9rez Sede\u00f1o<br \/>\nTesis doctoral dirigida por Javier Ord\u00f3\u00f1ez Rodr\u00edguez. Universidad Aut\u00f3noma de Madrid (1985).<\/p>\n","protected":false},"excerpt":{"rendered":"<p>Ciencia, tecnolog\u00eda y propaganda en el noticiario oficial del Franquismo: El NO-DO, un instrumento de popularizaci\u00f3n de la ciencia al servicio del estado (1943-1964) Felipe E. Ram\u00edrez Mart\u00ednez Tesis doctoral dirigida por Javier Ord\u00f3\u00f1ez Rodr\u00edguez. Universidad Aut\u00f3noma de Madrid (2011). Mecanismos en el arte: Avatares in\u00fatiles de la tecnolog\u00eda M\u00f3nica Benitez Tesis doctoral dirigida por Javier Ord\u00f3\u00f1ez Rodr\u00edguez. Universidad Aut\u00f3noma de Madrid (2010). Johann Heinrich Lamberts: Cosmologische Briefe. Eine wissenschaftsphilosophische Untersuchung Roberta Menendez Fontela Tesis doctoral dirigida por Javier Ord\u00f3\u00f1ez Rodr\u00edguez. Universidad Aut\u00f3noma de Madrid (2007). Naturaleza: cohercion vs consenso: An\u00e1lisis de teolog\u00edas en la ecolog\u00eda contempor\u00e1nea y su correlaci\u00f3n con el discurso y\/o participaci\u00f3n de movimientos ecologistas y grupos armados ilegales en Espa\u00f1a, M\u00e9xico y Colombia: ETA, EZLN y AUC Luis Felipe G\u00f3mez Lomel\u00ed Tesis doctoral dirigida por Javier Ord\u00f3\u00f1ez Rodr\u00edguez. Universidad Aut\u00f3noma de Madrid (2006). Sue\u00f1os el\u00e9ctricos y magneticos en la Europa rom\u00e1ntica: El debate sobre la naturaleza duranet las \u00faltimas d\u00e9cadas del siglo XVIII y las primeras del XIX Dolores Mart\u00edn Moruno Tesis doctoral dirigida por Javier Ord\u00f3\u00f1ez Rodr\u00edguez, Jean Dhombres. Universidad Aut\u00f3noma de Madrid (2006). Forma y funci\u00f3n de un sujeto moderno: Bernandro Houssay y la fisiolog\u00eda argentina (1900-1943) Alfonso Buch C\u00e1novas Tesis doctoral dirigida por Javier Ord\u00f3\u00f1ez Rodr\u00edguez. Universidad Aut\u00f3noma de Madrid (2001). El evolucionismo en Espa\u00f1a y la s\u00edntesis neodarwinista (1939-1970) Francisco Bl\u00e1zquez Paniagua Tesis doctoral dirigida por Javier Ord\u00f3\u00f1ez Rodr\u00edguez. Universidad Aut\u00f3noma de Madrid (2001). Boskovic y la visi\u00f3n mec\u00e1nica de la naturaleza (1740-1785) Mariano Colubi L\u00f3pez Tesis doctoral dirigida por Javier Ord\u00f3\u00f1ez Rodr\u00edguez. Universidad Aut\u00f3noma de Madrid (1995). Las teor\u00edas materialistas de la Ilustraci\u00f3n Javier Moscoso Tesis doctoral dirigida por Javier Ord\u00f3\u00f1ez Rodr\u00edguez. Universidad Aut\u00f3noma de Madrid (1994). El nacimiento de la teor\u00eda de conjuntos en Alemania 1854-1908 Jos\u00e9 Ferreir\u00f3s Dom\u00ednguez Tesis doctoral dirigida por Javier Ord\u00f3\u00f1ez Rodr\u00edguez. Universidad Aut\u00f3noma de Madrid (1991). Observaci\u00f3n y teor\u00eda en la astronom\u00eda griega Eulalia P\u00e9rez Sede\u00f1o Tesis doctoral dirigida por Javier Ord\u00f3\u00f1ez Rodr\u00edguez. Universidad Aut\u00f3noma de Madrid (1985).<\/p>\n","protected":false},"author":1,"featured_media":0,"parent":0,"menu_order":0,"comment_status":"open","ping_status":"open","template":"","meta":{"footnotes":""},"class_list":["post-358","page","type-page","status-publish","hentry"],"_links":{"self":[{"href":"https:\/\/republicachueca.com\/index.php?rest_route=\/wp\/v2\/pages\/358","targetHints":{"allow":["GET"]}}],"collection":[{"href":"https:\/\/republicachueca.com\/index.php?rest_route=\/wp\/v2\/pages"}],"about":[{"href":"https:\/\/republicachueca.com\/index.php?rest_route=\/wp\/v2\/types\/page"}],"author":[{"embeddable":true,"href":"https:\/\/republicachueca.com\/index.php?rest_route=\/wp\/v2\/users\/1"}],"replies":[{"embeddable":true,"href":"https:\/\/republicachueca.com\/index.php?rest_route=%2Fwp%2Fv2%2Fcomments&post=358"}],"version-history":[{"count":11,"href":"https:\/\/republicachueca.com\/index.php?rest_route=\/wp\/v2\/pages\/358\/revisions"}],"predecessor-version":[{"id":750,"href":"https:\/\/republicachueca.com\/index.php?rest_route=\/wp\/v2\/pages\/358\/revisions\/750"}],"wp:attachment":[{"href":"https:\/\/republicachueca.com\/index.php?rest_route=%2Fwp%2Fv2%2Fmedia&parent=358"}],"curies":[{"name":"wp","href":"https:\/\/api.w.org\/{rel}","templated":true}]}}