{"id":331,"date":"2014-05-31T16:47:09","date_gmt":"2014-05-31T16:47:09","guid":{"rendered":"http:\/\/dev.republicachueca.com\/?page_id=331"},"modified":"2020-11-22T18:53:59","modified_gmt":"2020-11-22T18:53:59","slug":"a-inicio-home-republica","status":"publish","type":"page","link":"https:\/\/republicachueca.com\/","title":{"rendered":"A-INICIO-HOME-REPUBLICA"},"content":{"rendered":"<h6 style=\"text-align: center;\"><\/h6>\n<h6 style=\"text-align: center;\">Me lleva\u00a0 el \u00e1nimo a decir las mutadas formas<br \/>\na nuevos cuerpos: dioses, estas empresas m\u00edas, pues vosotros los mutasteis,<br \/>\naspirad, y, desde el primer origen del cosmos<br \/>\nhasta mis tiempos, perpetuo desarrollad mi poema<\/h6>\n<h6 style=\"text-align: center;\">Publio Ovidio Nas\u00f3n<\/h6>\n<h6>\n<style><!--\n\/* Font Definitions *\/\n@font-face\n\t{font-family:Times;\n\tpanose-1:2 0 5 0 0 0 0 0 0 0;\n\tmso-font-charset:0;\n\tmso-generic-font-family:auto;\n\tmso-font-pitch:variable;\n\tmso-font-signature:3 0 0 0 1 0;}\n@font-face\n\t{font-family:\"\uff2d\uff33 \u660e\u671d\";\n\tmso-font-charset:78;\n\tmso-generic-font-family:auto;\n\tmso-font-pitch:variable;\n\tmso-font-signature:1 134676480 16 0 131072 0;}\n@font-face\n\t{font-family:\"Cambria Math\";\n\tpanose-1:2 4 5 3 5 4 6 3 2 4;\n\tmso-font-charset:0;\n\tmso-generic-font-family:auto;\n\tmso-font-pitch:variable;\n\tmso-font-signature:-536870145 1107305727 0 0 415 0;}\n@font-face\n\t{font-family:Candara;\n\tpanose-1:2 14 5 2 3 3 3 2 2 4;\n\tmso-font-charset:0;\n\tmso-generic-font-family:auto;\n\tmso-font-pitch:variable;\n\tmso-font-signature:-1610611985 1073783883 0 0 415 0;}\n \/* Style Definitions *\/\np.MsoNormal, li.MsoNormal, div.MsoNormal\n\t{mso-style-unhide:no;\n\tmso-style-qformat:yes;\n\tmso-style-parent:\"\";\n\tmargin:0cm;\n\tmargin-bottom:.0001pt;\n\tmso-pagination:widow-orphan;\n\tfont-size:12.0pt;\n\tfont-family:Candara;\n\tmso-fareast-font-family:\"\uff2d\uff33 \u660e\u671d\";\n\tmso-fareast-theme-font:minor-fareast;\n\tmso-bidi-font-family:Times;}\n.MsoChpDefault\n\t{mso-style-type:export-only;\n\tmso-default-props:yes;\n\tfont-family:Candara;\n\tmso-ascii-font-family:Candara;\n\tmso-fareast-font-family:\"\uff2d\uff33 \u660e\u671d\";\n\tmso-fareast-theme-font:minor-fareast;\n\tmso-hansi-font-family:Candara;\n\tmso-bidi-font-family:Times;}\n@page WordSection1\n\t{size:612.0pt 792.0pt;\n\tmargin:70.85pt 3.0cm 70.85pt 3.0cm;\n\tmso-header-margin:36.0pt;\n\tmso-footer-margin:36.0pt;\n\tmso-paper-source:0;}\ndiv.WordSection1\n\t{page:WordSection1;}\n--><\/style>\n<style><!--\n\/* Font Definitions *\/\n@font-face\n\t{font-family:Times;\n\tpanose-1:2 0 5 0 0 0 0 0 0 0;\n\tmso-font-charset:0;\n\tmso-generic-font-family:auto;\n\tmso-font-pitch:variable;\n\tmso-font-signature:3 0 0 0 1 0;}\n@font-face\n\t{font-family:\"\uff2d\uff33 \u660e\u671d\";\n\tmso-font-charset:78;\n\tmso-generic-font-family:auto;\n\tmso-font-pitch:variable;\n\tmso-font-signature:1 134676480 16 0 131072 0;}\n@font-face\n\t{font-family:\"Cambria Math\";\n\tpanose-1:2 4 5 3 5 4 6 3 2 4;\n\tmso-font-charset:0;\n\tmso-generic-font-family:auto;\n\tmso-font-pitch:variable;\n\tmso-font-signature:-536870145 1107305727 0 0 415 0;}\n@font-face\n\t{font-family:Candara;\n\tpanose-1:2 14 5 2 3 3 3 2 2 4;\n\tmso-font-charset:0;\n\tmso-generic-font-family:auto;\n\tmso-font-pitch:variable;\n\tmso-font-signature:-1610611985 1073783883 0 0 415 0;}\n \/* Style Definitions *\/\np.MsoNormal, li.MsoNormal, div.MsoNormal\n\t{mso-style-unhide:no;\n\tmso-style-qformat:yes;\n\tmso-style-parent:\"\";\n\tmargin:0cm;\n\tmargin-bottom:.0001pt;\n\tmso-pagination:widow-orphan;\n\tfont-size:12.0pt;\n\tfont-family:Candara;\n\tmso-fareast-font-family:\"\uff2d\uff33 \u660e\u671d\";\n\tmso-fareast-theme-font:minor-fareast;\n\tmso-bidi-font-family:Times;}\n.MsoChpDefault\n\t{mso-style-type:export-only;\n\tmso-default-props:yes;\n\tfont-family:Candara;\n\tmso-ascii-font-family:Candara;\n\tmso-fareast-font-family:\"\uff2d\uff33 \u660e\u671d\";\n\tmso-fareast-theme-font:minor-fareast;\n\tmso-hansi-font-family:Candara;\n\tmso-bidi-font-family:Times;}\n@page WordSection1\n\t{size:612.0pt 792.0pt;\n\tmargin:70.85pt 3.0cm 70.85pt 3.0cm;\n\tmso-header-margin:36.0pt;\n\tmso-footer-margin:36.0pt;\n\tmso-paper-source:0;}\ndiv.WordSection1\n\t{page:WordSection1;}\n--><\/style>\n<\/h6>\n<h6 style=\"text-align: center;\">Por m\u00e1s poderoso que sea el que agravia, deja armas para la venganza<\/h6>\n<h6 style=\"text-align: center;\">T\u00fa, ya \u00a1oh ministro!, afirma tu cuidado,<br \/>\nen no injuriar al m\u00edsero y al fuerte;<br \/>\ncuando le quites oro y plata, advierte,<br \/>\nque le dejas el hierro acicalado.<br \/>\nDejas espada y lanza, al desdichado;<br \/>\ny poder y raz\u00f3n, para vencerte:<br \/>\nno sabe pueblo ayuno temer muerte,<br \/>\narmas quedan al pueblo despojado.<br \/>\nQuien ve su perdici\u00f3n cierta, aborrece<br \/>\nm\u00e1s que su perdici\u00f3n, la causa della,<br \/>\ny este, no aquella, es m\u00e1s quien le enfurece.<br \/>\nAma su desnudez y su querella<br \/>\ncon desesperaci\u00f3n, cuando le ofrece<br \/>\nvenganza del rigor, quien lo atropella.<\/h6>\n<h6 style=\"text-align: center;\">Francisco de Quevedo<\/h6>\n<h6 style=\"text-align: center; line-height: 8.0pt; mso-line-height-rule: exactly;\" align=\"center\"><span style=\"font-size: 7.5pt; font-family: Times;\">\u00a0<\/span><\/h6>\n","protected":false},"excerpt":{"rendered":"<p>Me lleva\u00a0 el \u00e1nimo a decir las mutadas formas a nuevos cuerpos: dioses, estas empresas m\u00edas, pues vosotros los mutasteis, aspirad, y, desde el primer origen del cosmos hasta mis tiempos, perpetuo desarrollad mi poema Publio Ovidio Nas\u00f3n Por m\u00e1s poderoso que sea el que agravia, deja armas para la venganza T\u00fa, ya \u00a1oh ministro!, afirma tu cuidado, en no injuriar al m\u00edsero y al fuerte; cuando le quites oro y plata, advierte, que le dejas el hierro acicalado. Dejas espada y lanza, al desdichado; y poder y raz\u00f3n, para vencerte: no sabe pueblo ayuno temer muerte, armas quedan al pueblo despojado. Quien ve su perdici\u00f3n cierta, aborrece m\u00e1s que su perdici\u00f3n, la causa della, y este, no aquella, es m\u00e1s quien le enfurece. Ama su desnudez y su querella con desesperaci\u00f3n, cuando le ofrece venganza del rigor, quien lo atropella. Francisco de Quevedo \u00a0<\/p>\n","protected":false},"author":1,"featured_media":0,"parent":0,"menu_order":0,"comment_status":"closed","ping_status":"closed","template":"","meta":{"footnotes":""},"class_list":["post-331","page","type-page","status-publish","hentry"],"_links":{"self":[{"href":"https:\/\/republicachueca.com\/index.php?rest_route=\/wp\/v2\/pages\/331","targetHints":{"allow":["GET"]}}],"collection":[{"href":"https:\/\/republicachueca.com\/index.php?rest_route=\/wp\/v2\/pages"}],"about":[{"href":"https:\/\/republicachueca.com\/index.php?rest_route=\/wp\/v2\/types\/page"}],"author":[{"embeddable":true,"href":"https:\/\/republicachueca.com\/index.php?rest_route=\/wp\/v2\/users\/1"}],"replies":[{"embeddable":true,"href":"https:\/\/republicachueca.com\/index.php?rest_route=%2Fwp%2Fv2%2Fcomments&post=331"}],"version-history":[{"count":19,"href":"https:\/\/republicachueca.com\/index.php?rest_route=\/wp\/v2\/pages\/331\/revisions"}],"predecessor-version":[{"id":848,"href":"https:\/\/republicachueca.com\/index.php?rest_route=\/wp\/v2\/pages\/331\/revisions\/848"}],"wp:attachment":[{"href":"https:\/\/republicachueca.com\/index.php?rest_route=%2Fwp%2Fv2%2Fmedia&parent=331"}],"curies":[{"name":"wp","href":"https:\/\/api.w.org\/{rel}","templated":true}]}}