{"id":31,"date":"2013-09-11T18:01:04","date_gmt":"2013-09-11T18:01:04","guid":{"rendered":"http:\/\/dev.republicachueca.com\/?page_id=31"},"modified":"2020-11-22T18:17:20","modified_gmt":"2020-11-22T18:17:20","slug":"prueba-2","status":"publish","type":"page","link":"https:\/\/republicachueca.com\/?page_id=31","title":{"rendered":"republican"},"content":{"rendered":"<div class=\"shortcode-dropcap circle\" style=\"color:#cacaca; background-color:#222222;\">T<\/div>\n<p><a title=\"Nota biogr\u00e1fica\" href=\"https:\/\/republicachueca.com\/?page_id=485\">ranshumante<\/a>, como el viejo Ovidio, argonauta del tiempo, me muevo; siempre me muevo.<\/p>\n<p>&nbsp;<\/p>\n<p style=\"text-align: justify;\">No resulta f\u00e1cil presentar una Rep\u00fablica que desea ser singular en un mundo marcado por las fronteras y por el sentido de pertenencia. Hablar de una Rep\u00fablica que no est\u00e1 en ninguna parte y sin republicanos, parece una empresa casi imposible. Si solo se pudieran trazar mapas por medio de una topograf\u00eda, real o inventada dar\u00eda igual, lo m\u00e1s que obtendr\u00edamos ser\u00eda otra Utop\u00eda, con sus cartograf\u00edas correspondientes, y con la tentaci\u00f3n de sugerir una organizaci\u00f3n social perfecta que la desear\u00edamos real.<\/p>\n<h6 style=\"text-align: justify;\">\n<div class=\"shortcode-block-quote-left\" style=\"color:#999999\">y desgraciado de m\u00ed que no consigo transformarme en \u00e1rbol y pretendo en vano convertirme en roca!.<\/div>\n<\/h6>\n<p>&nbsp;<\/p>\n<p style=\"text-align: justify;\">Como vivimos un tiempo en el que las Utop\u00edas ni siquiera son utop\u00edas, aunque en eso se parece a cualquier otro, nos atrevemos a sugerir una rep\u00fablica imperfecta. Tanto, que en ella todo est\u00e9 por inventar. Quien la comienza se convierte en el primer republicano solo porque escribe su nombre antes de quienes vendr\u00e1n tras \u00e9l, y bajo su responsabilidad la denomina Rep\u00fablicachueca. Espera que crezca el n\u00famero de personas con pasiones an\u00e1logas y que entren en la nueva Rep\u00fablica creando su propia puerta.<\/p>\n<h6>\n<div class=\"shortcode-block-quote-center\" style=\"color:#999999\">Torpe fuera para ti no prestar al viejo amigo ning\u00fan auxilio que le conforte; torpe retroceder y no sostenerle con pie firme; torpe abandonar su nave combatida por la borrasca; torpe seguir las vicisitu- des de la suerte, cejar ante la fortuna y renegar del amigo porque no es venturoso.<\/div>\n<\/h6>\n<div class=\"su-divider su-divider-style-default\" style=\"margin:15px 0;border-width:3px;border-color:#999999\"><a href=\"#\" style=\"color:#999999\">Go to top--Volver<\/a><\/div>\n<p>&nbsp;<\/p>\n","protected":false},"excerpt":{"rendered":"<p>ranshumante, como el viejo Ovidio, argonauta del tiempo, me muevo; siempre me muevo. &nbsp; No resulta f\u00e1cil presentar una Rep\u00fablica que desea ser singular en un mundo marcado por las fronteras y por el sentido de pertenencia. Hablar de una Rep\u00fablica que no est\u00e1 en ninguna parte y sin republicanos, parece una empresa casi imposible. Si solo se pudieran trazar mapas por medio de una topograf\u00eda, real o inventada dar\u00eda igual, lo m\u00e1s que obtendr\u00edamos ser\u00eda otra Utop\u00eda, con sus cartograf\u00edas correspondientes, y con la tentaci\u00f3n de sugerir una organizaci\u00f3n social perfecta que la desear\u00edamos real. &nbsp; Como vivimos un tiempo en el que las Utop\u00edas ni siquiera son utop\u00edas, aunque en eso se parece a cualquier otro, nos atrevemos a sugerir una rep\u00fablica imperfecta. Tanto, que en ella todo est\u00e9 por inventar. Quien la comienza se convierte en el primer republicano solo porque escribe su nombre antes de quienes vendr\u00e1n tras \u00e9l, y bajo su responsabilidad la denomina Rep\u00fablicachueca. Espera que crezca el n\u00famero de personas con pasiones an\u00e1logas y que entren en la nueva Rep\u00fablica creando su propia puerta. &nbsp;<\/p>\n","protected":false},"author":1,"featured_media":0,"parent":0,"menu_order":0,"comment_status":"closed","ping_status":"closed","template":"","meta":{"footnotes":""},"class_list":["post-31","page","type-page","status-publish","hentry"],"_links":{"self":[{"href":"https:\/\/republicachueca.com\/index.php?rest_route=\/wp\/v2\/pages\/31","targetHints":{"allow":["GET"]}}],"collection":[{"href":"https:\/\/republicachueca.com\/index.php?rest_route=\/wp\/v2\/pages"}],"about":[{"href":"https:\/\/republicachueca.com\/index.php?rest_route=\/wp\/v2\/types\/page"}],"author":[{"embeddable":true,"href":"https:\/\/republicachueca.com\/index.php?rest_route=\/wp\/v2\/users\/1"}],"replies":[{"embeddable":true,"href":"https:\/\/republicachueca.com\/index.php?rest_route=%2Fwp%2Fv2%2Fcomments&post=31"}],"version-history":[{"count":35,"href":"https:\/\/republicachueca.com\/index.php?rest_route=\/wp\/v2\/pages\/31\/revisions"}],"predecessor-version":[{"id":753,"href":"https:\/\/republicachueca.com\/index.php?rest_route=\/wp\/v2\/pages\/31\/revisions\/753"}],"wp:attachment":[{"href":"https:\/\/republicachueca.com\/index.php?rest_route=%2Fwp%2Fv2%2Fmedia&parent=31"}],"curies":[{"name":"wp","href":"https:\/\/api.w.org\/{rel}","templated":true}]}}